{"id":63,"date":"2016-09-19T18:55:56","date_gmt":"2016-09-19T18:55:56","guid":{"rendered":"http:\/\/tarento.com.mx\/?page_id=63"},"modified":"2017-07-04T21:23:41","modified_gmt":"2017-07-04T21:23:41","slug":"nosotros","status":"publish","type":"page","link":"https:\/\/tarento.com.mx\/?page_id=63","title":{"rendered":"Nosotros"},"content":{"rendered":"<p>Somos una compa\u00f1\u00eda dedicada a fabricar vestimenta en general. Contamos con una planta de manufactura con seis talleres, para as\u00ed poder brindarles el mejor servicio y calidad.<\/p>\n<p><span style=\"font-size: 1.5rem;\">Los productos que elaboramos principalmente son:<\/span><\/p>\n<ul>\n<li>ROMPEVIENTOS E IMPERMEABLES<\/li>\n<li>CHAMARRAS EN PIEL, TEXTILES Y SINT\u00c9TICOS<\/li>\n<li>UNIFORMES INDUSTRIALES<\/li>\n<li>UNIFORMES EMPRESARIALES<\/li>\n<li>UNIFORMES DEPORTIVOS<\/li>\n<li>PLAYERAS TIPO POLO BORDADAS Y ESTAMPADAS<\/li>\n<li>ROPA PARA LA EXPLORACI\u00d3N Y EXTREME<\/li>\n<li>ART\u00cdCULOS PROMOCIONALES (GORRAS, CAZACAS, ETC.)<\/li>\n<\/ul>\n<div><strong>MISION:<\/strong><\/div>\n<div>\n<p>Nuestra misi\u00f3n es fabricar productos vanguardistas, de alta calidad y bajo costo, para as\u00ed lograr la satisfacci\u00f3n de las expectativas de nuestros clientes. Logrando el su reconocimiento como un proveedor innovador y confiable.<\/p>\n<\/div>\n<div><\/div>\n<div><strong>VISION:<\/strong><\/div>\n<div>\n<p>Trabajamos para convertirnos en el\u00a0 proveedor de vestimenta con mayor liderazgo en los productos de fabricamos y comercializamos. As\u00ed mismo el mejoramiento de los servicios especializados que proporcionamos buscando superar las expectativas.<\/p>\n<p>Nuestra filosof\u00eda es la Calidad y el Servicio<\/p>\n<\/div>\n","protected":false},"excerpt":{"rendered":"<p>Somos una compa\u00f1\u00eda dedicada a fabricar vestimenta en general. Contamos con una planta de manufactura con seis talleres, para as\u00ed poder brindarles el mejor servicio y calidad. Los productos que elaboramos principalmente son: ROMPEVIENTOS E IMPERMEABLES CHAMARRAS EN PIEL, TEXTILES Y SINT\u00c9TICOS UNIFORMES INDUSTRIALES UNIFORMES <a class=\"more-link\" href=\"https:\/\/tarento.com.mx\/?page_id=63\">Read More &#8230;<\/a><\/p>\n","protected":false},"author":1,"featured_media":0,"parent":0,"menu_order":0,"comment_status":"closed","ping_status":"closed","template":"","meta":{"_joinchat":[],"footnotes":""},"class_list":["post-63","page","type-page","status-publish","hentry"],"_links":{"self":[{"href":"https:\/\/tarento.com.mx\/index.php?rest_route=\/wp\/v2\/pages\/63","targetHints":{"allow":["GET"]}}],"collection":[{"href":"https:\/\/tarento.com.mx\/index.php?rest_route=\/wp\/v2\/pages"}],"about":[{"href":"https:\/\/tarento.com.mx\/index.php?rest_route=\/wp\/v2\/types\/page"}],"author":[{"embeddable":true,"href":"https:\/\/tarento.com.mx\/index.php?rest_route=\/wp\/v2\/users\/1"}],"replies":[{"embeddable":true,"href":"https:\/\/tarento.com.mx\/index.php?rest_route=%2Fwp%2Fv2%2Fcomments&post=63"}],"version-history":[{"count":5,"href":"https:\/\/tarento.com.mx\/index.php?rest_route=\/wp\/v2\/pages\/63\/revisions"}],"predecessor-version":[{"id":307,"href":"https:\/\/tarento.com.mx\/index.php?rest_route=\/wp\/v2\/pages\/63\/revisions\/307"}],"wp:attachment":[{"href":"https:\/\/tarento.com.mx\/index.php?rest_route=%2Fwp%2Fv2%2Fmedia&parent=63"}],"curies":[{"name":"wp","href":"https:\/\/api.w.org\/{rel}","templated":true}]}}