{"id":273,"date":"2016-10-20T21:54:36","date_gmt":"2016-10-20T21:54:36","guid":{"rendered":"http:\/\/tarento.com.mx\/?page_id=273"},"modified":"2024-11-21T19:53:48","modified_gmt":"2024-11-21T19:53:48","slug":"ropa-industrial","status":"publish","type":"page","link":"https:\/\/tarento.com.mx\/?page_id=273","title":{"rendered":"Ropa industrial"},"content":{"rendered":"\n<p><br>Nos apegamos a las normas de seguridad para cada Empresa con uniformes c\u00f3modos y seguros para realizar las actividades espec\u00edficas con protecci\u00f3n de cualquier incidente.<\/p>\n\n\n\n\t\t<style type=\"text\/css\">\n\t\t\t#gallery-1 {\n\t\t\t\tmargin: auto;\n\t\t\t}\n\t\t\t#gallery-1 .gallery-item {\n\t\t\t\tfloat: left;\n\t\t\t\tmargin-top: 10px;\n\t\t\t\ttext-align: center;\n\t\t\t\twidth: 33%;\n\t\t\t}\n\t\t\t#gallery-1 img {\n\t\t\t\tborder: 2px solid #cfcfcf;\n\t\t\t}\n\t\t\t#gallery-1 .gallery-caption {\n\t\t\t\tmargin-left: 0;\n\t\t\t}\n\t\t\t\/* see gallery_shortcode() in wp-includes\/media.php *\/\n\t\t<\/style>\n\t\t<div id='gallery-1' class='gallery galleryid-273 gallery-columns-3 gallery-size-medium'><dl class='gallery-item'>\n\t\t\t<dt class='gallery-icon landscape'>\n\t\t\t\t<a title=\"1\" href='https:\/\/tarento.com.mx\/wp-content\/uploads\/2016\/10\/1-3.jpg'><img loading=\"lazy\" decoding=\"async\" width=\"300\" height=\"300\" src=\"https:\/\/tarento.com.mx\/wp-content\/uploads\/2016\/10\/1-3-300x300.jpg\" class=\"attachment-medium size-medium\" alt=\"\" srcset=\"https:\/\/tarento.com.mx\/wp-content\/uploads\/2016\/10\/1-3-300x300.jpg 300w, https:\/\/tarento.com.mx\/wp-content\/uploads\/2016\/10\/1-3-150x150.jpg 150w, https:\/\/tarento.com.mx\/wp-content\/uploads\/2016\/10\/1-3.jpg 400w\" sizes=\"auto, (max-width: 300px) 100vw, 300px\" \/><\/a>\n\t\t\t<\/dt><\/dl><dl class='gallery-item'>\n\t\t\t<dt class='gallery-icon landscape'>\n\t\t\t\t<a title=\"2\" href='https:\/\/tarento.com.mx\/wp-content\/uploads\/2016\/10\/2-3.jpg'><img loading=\"lazy\" decoding=\"async\" width=\"300\" height=\"300\" src=\"https:\/\/tarento.com.mx\/wp-content\/uploads\/2016\/10\/2-3-300x300.jpg\" class=\"attachment-medium size-medium\" alt=\"\" srcset=\"https:\/\/tarento.com.mx\/wp-content\/uploads\/2016\/10\/2-3-300x300.jpg 300w, https:\/\/tarento.com.mx\/wp-content\/uploads\/2016\/10\/2-3-150x150.jpg 150w, https:\/\/tarento.com.mx\/wp-content\/uploads\/2016\/10\/2-3.jpg 400w\" sizes=\"auto, (max-width: 300px) 100vw, 300px\" \/><\/a>\n\t\t\t<\/dt><\/dl><dl class='gallery-item'>\n\t\t\t<dt class='gallery-icon landscape'>\n\t\t\t\t<a title=\"3\" href='https:\/\/tarento.com.mx\/wp-content\/uploads\/2016\/10\/3-3.jpg'><img loading=\"lazy\" decoding=\"async\" width=\"300\" height=\"300\" src=\"https:\/\/tarento.com.mx\/wp-content\/uploads\/2016\/10\/3-3-300x300.jpg\" class=\"attachment-medium size-medium\" alt=\"\" srcset=\"https:\/\/tarento.com.mx\/wp-content\/uploads\/2016\/10\/3-3-300x300.jpg 300w, https:\/\/tarento.com.mx\/wp-content\/uploads\/2016\/10\/3-3-150x150.jpg 150w, https:\/\/tarento.com.mx\/wp-content\/uploads\/2016\/10\/3-3.jpg 400w\" sizes=\"auto, (max-width: 300px) 100vw, 300px\" \/><\/a>\n\t\t\t<\/dt><\/dl><br style=\"clear: both\" \/><dl class='gallery-item'>\n\t\t\t<dt class='gallery-icon landscape'>\n\t\t\t\t<a title=\"6\" href='https:\/\/tarento.com.mx\/wp-content\/uploads\/2016\/10\/6-2.jpg'><img loading=\"lazy\" decoding=\"async\" width=\"300\" height=\"300\" src=\"https:\/\/tarento.com.mx\/wp-content\/uploads\/2016\/10\/6-2-300x300.jpg\" class=\"attachment-medium size-medium\" alt=\"\" srcset=\"https:\/\/tarento.com.mx\/wp-content\/uploads\/2016\/10\/6-2-300x300.jpg 300w, https:\/\/tarento.com.mx\/wp-content\/uploads\/2016\/10\/6-2-150x150.jpg 150w, https:\/\/tarento.com.mx\/wp-content\/uploads\/2016\/10\/6-2.jpg 400w\" sizes=\"auto, (max-width: 300px) 100vw, 300px\" \/><\/a>\n\t\t\t<\/dt><\/dl><dl class='gallery-item'>\n\t\t\t<dt class='gallery-icon landscape'>\n\t\t\t\t<a title=\"7\" href='https:\/\/tarento.com.mx\/wp-content\/uploads\/2016\/10\/7-3.jpg'><img loading=\"lazy\" decoding=\"async\" width=\"300\" height=\"300\" src=\"https:\/\/tarento.com.mx\/wp-content\/uploads\/2016\/10\/7-3-300x300.jpg\" class=\"attachment-medium size-medium\" alt=\"\" srcset=\"https:\/\/tarento.com.mx\/wp-content\/uploads\/2016\/10\/7-3-300x300.jpg 300w, https:\/\/tarento.com.mx\/wp-content\/uploads\/2016\/10\/7-3-150x150.jpg 150w, https:\/\/tarento.com.mx\/wp-content\/uploads\/2016\/10\/7-3.jpg 400w\" sizes=\"auto, (max-width: 300px) 100vw, 300px\" \/><\/a>\n\t\t\t<\/dt><\/dl><dl class='gallery-item'>\n\t\t\t<dt class='gallery-icon landscape'>\n\t\t\t\t<a title=\"8\" href='https:\/\/tarento.com.mx\/wp-content\/uploads\/2016\/10\/8-2.jpg'><img loading=\"lazy\" decoding=\"async\" width=\"300\" height=\"300\" src=\"https:\/\/tarento.com.mx\/wp-content\/uploads\/2016\/10\/8-2-300x300.jpg\" class=\"attachment-medium size-medium\" alt=\"\" srcset=\"https:\/\/tarento.com.mx\/wp-content\/uploads\/2016\/10\/8-2-300x300.jpg 300w, https:\/\/tarento.com.mx\/wp-content\/uploads\/2016\/10\/8-2-150x150.jpg 150w, https:\/\/tarento.com.mx\/wp-content\/uploads\/2016\/10\/8-2.jpg 400w\" sizes=\"auto, (max-width: 300px) 100vw, 300px\" \/><\/a>\n\t\t\t<\/dt><\/dl><br style=\"clear: both\" \/><dl class='gallery-item'>\n\t\t\t<dt class='gallery-icon landscape'>\n\t\t\t\t<a title=\"10\" href='https:\/\/tarento.com.mx\/wp-content\/uploads\/2016\/10\/10-2.jpg'><img loading=\"lazy\" decoding=\"async\" width=\"300\" height=\"300\" src=\"https:\/\/tarento.com.mx\/wp-content\/uploads\/2016\/10\/10-2-300x300.jpg\" class=\"attachment-medium size-medium\" alt=\"\" srcset=\"https:\/\/tarento.com.mx\/wp-content\/uploads\/2016\/10\/10-2-300x300.jpg 300w, https:\/\/tarento.com.mx\/wp-content\/uploads\/2016\/10\/10-2-150x150.jpg 150w, https:\/\/tarento.com.mx\/wp-content\/uploads\/2016\/10\/10-2.jpg 400w\" sizes=\"auto, (max-width: 300px) 100vw, 300px\" \/><\/a>\n\t\t\t<\/dt><\/dl><dl class='gallery-item'>\n\t\t\t<dt class='gallery-icon landscape'>\n\t\t\t\t<a title=\"20111108 (1)\" href='https:\/\/tarento.com.mx\/wp-content\/uploads\/2016\/10\/20111108-1.jpg'><img loading=\"lazy\" decoding=\"async\" width=\"300\" height=\"300\" src=\"https:\/\/tarento.com.mx\/wp-content\/uploads\/2016\/10\/20111108-1-300x300.jpg\" class=\"attachment-medium size-medium\" alt=\"\" srcset=\"https:\/\/tarento.com.mx\/wp-content\/uploads\/2016\/10\/20111108-1-300x300.jpg 300w, https:\/\/tarento.com.mx\/wp-content\/uploads\/2016\/10\/20111108-1-150x150.jpg 150w, https:\/\/tarento.com.mx\/wp-content\/uploads\/2016\/10\/20111108-1-768x768.jpg 768w, https:\/\/tarento.com.mx\/wp-content\/uploads\/2016\/10\/20111108-1.jpg 900w\" sizes=\"auto, (max-width: 300px) 100vw, 300px\" \/><\/a>\n\t\t\t<\/dt><\/dl><dl class='gallery-item'>\n\t\t\t<dt class='gallery-icon portrait'>\n\t\t\t\t<a title=\"chaleco servicio =_iso-8859-1_Q_m=E9dico_= (1)\" href='https:\/\/tarento.com.mx\/wp-content\/uploads\/2016\/10\/chaleco-servicio-_iso-8859-1_Q_mE9dico_-1.jpg'><img loading=\"lazy\" decoding=\"async\" width=\"225\" height=\"300\" src=\"https:\/\/tarento.com.mx\/wp-content\/uploads\/2016\/10\/chaleco-servicio-_iso-8859-1_Q_mE9dico_-1-225x300.jpg\" class=\"attachment-medium size-medium\" alt=\"\" srcset=\"https:\/\/tarento.com.mx\/wp-content\/uploads\/2016\/10\/chaleco-servicio-_iso-8859-1_Q_mE9dico_-1-225x300.jpg 225w, https:\/\/tarento.com.mx\/wp-content\/uploads\/2016\/10\/chaleco-servicio-_iso-8859-1_Q_mE9dico_-1-768x1024.jpg 768w, https:\/\/tarento.com.mx\/wp-content\/uploads\/2016\/10\/chaleco-servicio-_iso-8859-1_Q_mE9dico_-1.jpg 1704w\" sizes=\"auto, (max-width: 225px) 100vw, 225px\" \/><\/a>\n\t\t\t<\/dt><\/dl><br style=\"clear: both\" \/><dl class='gallery-item'>\n\t\t\t<dt class='gallery-icon portrait'>\n\t\t\t\t<a title=\"CAMISOLA REY (1)\" href='https:\/\/tarento.com.mx\/wp-content\/uploads\/2016\/10\/CAMISOLA-REY-1.jpg'><img loading=\"lazy\" decoding=\"async\" width=\"225\" height=\"300\" src=\"https:\/\/tarento.com.mx\/wp-content\/uploads\/2016\/10\/CAMISOLA-REY-1-225x300.jpg\" class=\"attachment-medium size-medium\" alt=\"\" srcset=\"https:\/\/tarento.com.mx\/wp-content\/uploads\/2016\/10\/CAMISOLA-REY-1-225x300.jpg 225w, https:\/\/tarento.com.mx\/wp-content\/uploads\/2016\/10\/CAMISOLA-REY-1-768x1024.jpg 768w, https:\/\/tarento.com.mx\/wp-content\/uploads\/2016\/10\/CAMISOLA-REY-1.jpg 1200w\" sizes=\"auto, (max-width: 225px) 100vw, 225px\" \/><\/a>\n\t\t\t<\/dt><\/dl><dl class='gallery-item'>\n\t\t\t<dt class='gallery-icon portrait'>\n\t\t\t\t<a title=\"overol con logos (1)\" href='https:\/\/tarento.com.mx\/wp-content\/uploads\/2016\/10\/overol-con-logos-1.jpg'><img loading=\"lazy\" decoding=\"async\" width=\"143\" height=\"300\" src=\"https:\/\/tarento.com.mx\/wp-content\/uploads\/2016\/10\/overol-con-logos-1-143x300.jpg\" class=\"attachment-medium size-medium\" alt=\"\" srcset=\"https:\/\/tarento.com.mx\/wp-content\/uploads\/2016\/10\/overol-con-logos-1-143x300.jpg 143w, https:\/\/tarento.com.mx\/wp-content\/uploads\/2016\/10\/overol-con-logos-1-768x1609.jpg 768w, https:\/\/tarento.com.mx\/wp-content\/uploads\/2016\/10\/overol-con-logos-1-489x1024.jpg 489w, https:\/\/tarento.com.mx\/wp-content\/uploads\/2016\/10\/overol-con-logos-1.jpg 1417w\" sizes=\"auto, (max-width: 143px) 100vw, 143px\" \/><\/a>\n\t\t\t<\/dt><\/dl><dl class='gallery-item'>\n\t\t\t<dt class='gallery-icon landscape'>\n\t\t\t\t<a title=\"CHALECO KATHERIN (1)\" href='https:\/\/tarento.com.mx\/wp-content\/uploads\/2016\/10\/CHALECO-KATHERIN-1.jpg'><img loading=\"lazy\" decoding=\"async\" width=\"300\" height=\"240\" src=\"https:\/\/tarento.com.mx\/wp-content\/uploads\/2016\/10\/CHALECO-KATHERIN-1-300x240.jpg\" class=\"attachment-medium size-medium\" alt=\"\" srcset=\"https:\/\/tarento.com.mx\/wp-content\/uploads\/2016\/10\/CHALECO-KATHERIN-1-300x240.jpg 300w, https:\/\/tarento.com.mx\/wp-content\/uploads\/2016\/10\/CHALECO-KATHERIN-1-768x614.jpg 768w, https:\/\/tarento.com.mx\/wp-content\/uploads\/2016\/10\/CHALECO-KATHERIN-1-1024x819.jpg 1024w, https:\/\/tarento.com.mx\/wp-content\/uploads\/2016\/10\/CHALECO-KATHERIN-1.jpg 1800w\" sizes=\"auto, (max-width: 300px) 100vw, 300px\" \/><\/a>\n\t\t\t<\/dt><\/dl><br style=\"clear: both\" \/>\n\t\t<\/div>\n","protected":false},"excerpt":{"rendered":"<p>Nos apegamos a las normas de seguridad para cada Empresa con uniformes c\u00f3modos y seguros para realizar las actividades espec\u00edficas con protecci\u00f3n de cualquier incidente.<\/p>\n","protected":false},"author":1,"featured_media":274,"parent":0,"menu_order":0,"comment_status":"closed","ping_status":"closed","template":"","meta":{"_joinchat":[],"footnotes":""},"class_list":["post-273","page","type-page","status-publish","has-post-thumbnail","hentry"],"_links":{"self":[{"href":"https:\/\/tarento.com.mx\/index.php?rest_route=\/wp\/v2\/pages\/273","targetHints":{"allow":["GET"]}}],"collection":[{"href":"https:\/\/tarento.com.mx\/index.php?rest_route=\/wp\/v2\/pages"}],"about":[{"href":"https:\/\/tarento.com.mx\/index.php?rest_route=\/wp\/v2\/types\/page"}],"author":[{"embeddable":true,"href":"https:\/\/tarento.com.mx\/index.php?rest_route=\/wp\/v2\/users\/1"}],"replies":[{"embeddable":true,"href":"https:\/\/tarento.com.mx\/index.php?rest_route=%2Fwp%2Fv2%2Fcomments&post=273"}],"version-history":[{"count":5,"href":"https:\/\/tarento.com.mx\/index.php?rest_route=\/wp\/v2\/pages\/273\/revisions"}],"predecessor-version":[{"id":331,"href":"https:\/\/tarento.com.mx\/index.php?rest_route=\/wp\/v2\/pages\/273\/revisions\/331"}],"wp:featuredmedia":[{"embeddable":true,"href":"https:\/\/tarento.com.mx\/index.php?rest_route=\/wp\/v2\/media\/274"}],"wp:attachment":[{"href":"https:\/\/tarento.com.mx\/index.php?rest_route=%2Fwp%2Fv2%2Fmedia&parent=273"}],"curies":[{"name":"wp","href":"https:\/\/api.w.org\/{rel}","templated":true}]}}